{"id":1630,"date":"2023-01-22T23:08:33","date_gmt":"2023-01-22T22:08:33","guid":{"rendered":"https:\/\/neu2.spatzundbiene.ch\/wordpress\/?page_id=1630"},"modified":"2023-01-25T10:51:28","modified_gmt":"2023-01-25T09:51:28","slug":"abholung-versand-bezahlung","status":"publish","type":"page","link":"https:\/\/spatzundbiene.ch\/?page_id=1630","title":{"rendered":"Abholung \/ Versand \/ Bezahlung"},"content":{"rendered":"\n<p><strong>Abholung <\/strong><br>ich wohne in Niederlenz im Kanton Aargau. Du kannst die gekauften Artikel gerne bei mir zuhause abholen oder ich kann es in meinen Briefkasten legen falls ich nicht zuhause bin.<br><br><strong>Versand<\/strong> <br>Gerne versende ich auch per Post. Viele Artikel passen in ein grosses Couvert.<br>Ich gebe mein m\u00f6glichstes, das es unter 2cm ist.<br>Couvert Versand unter 2cm: 2.50CHF<br>Couvert Versand \u00fcber 2cm: 7.50CHF<br>Packet Versand: 7.50CHF<br><br><strong>Bezahlung<\/strong><br>Ich bevorzuge die Zahlung per Twint es geht nat\u00fcrlich auch mit \u00dcberweisung oder Bar bei der Abholung.<br>Was nicht bezahlt ist, wird auch nicht versendet.<br><br><strong>Bestellungen<\/strong><br>Ich gebe mein Bestes deine Bestellungen so schnell wie m\u00f6glich anzufertigen.<br>Es liegt mir am Herzen mit dir zusammen zu arbeiten und die Stoffe gemeinsam zusammen zu stellen. Deshalb ist es f\u00fcr mich am einfachsten wenn wir per WhatsApp \/ Threema \/ Signal kommunizieren. Somit kann ich dir Fotos senden und mich mit dir schnellst m\u00f6glich austauschen.<br>Es kann sein, dass ich manchmal nicht direkt zur\u00fcckschreibe, das liegt daran, dass ich noch 2 kleine Kids habe die mich brauchen \ud83d\ude42<br>Ich n\u00e4he vorwiegend Abends, also kann es sein, das ich dir auch mal nach 20.00Uhr schreibe wenn die Kids im Bett sind.<br>Mit mir kann man reden, und wenn dir was nicht 100% gef\u00e4llt, dann sag es mir bitte, denn ich m\u00f6chte das  alle meine Kunden\/Kundinnen zufrieden sind.<br>Ich freue mich auf deine Bestellung.<\/p>\n","protected":false},"excerpt":{"rendered":"<p>Abholung ich wohne in Niederlenz im Kanton Aargau. Du kannst die gekauften Artikel gerne bei mir zuhause abholen oder ich kann es in meinen Briefkasten legen falls ich nicht zuhause bin. Versand Gerne versende ich auch per Post. Viele Artikel passen in ein grosses Couvert.Ich gebe mein m\u00f6glichstes, das es unter 2cm ist.Couvert Versand unter 2cm: 2.50CHFCouvert Versand \u00fcber 2cm: 7.50CHFPacket Versand: 7.50CHF BezahlungIch bevorzuge die Zahlung per Twint es geht nat\u00fcrlich auch mit \u00dcberweisung oder Bar bei der Abholung.Was nicht bezahlt ist, wird auch nicht versendet. BestellungenIch gebe mein Bestes deine Bestellungen so schnell wie m\u00f6glich anzufertigen.Es liegt mir am Herzen mit dir zusammen zu arbeiten und die Stoffe gemeinsam zusammen zu stellen. Deshalb ist es f\u00fcr mich am einfachsten wenn wir per WhatsApp \/ Threema \/ Signal kommunizieren. Somit kann ich dir Fotos senden und mich mit dir schnellst m\u00f6glich austauschen.Es kann sein, dass ich manchmal nicht direkt zur\u00fcckschreibe, das liegt daran, dass ich noch 2 kleine Kids habe die mich brauchen \ud83d\ude42Ich n\u00e4he vorwiegend Abends, also kann es sein, das ich dir auch mal nach 20.00Uhr schreibe wenn die Kids im Bett sind.Mit mir kann man reden, und wenn dir was nicht 100% gef\u00e4llt, dann sag es mir bitte, denn ich m\u00f6chte das alle meine Kunden\/Kundinnen zufrieden sind.Ich freue mich auf deine Bestellung.<\/p>\n","protected":false},"author":1,"featured_media":0,"parent":0,"menu_order":0,"comment_status":"closed","ping_status":"closed","template":"","meta":{"footnotes":""},"class_list":["post-1630","page","type-page","status-publish","hentry"],"acf":[],"_links":{"self":[{"href":"https:\/\/spatzundbiene.ch\/index.php?rest_route=\/wp\/v2\/pages\/1630","targetHints":{"allow":["GET"]}}],"collection":[{"href":"https:\/\/spatzundbiene.ch\/index.php?rest_route=\/wp\/v2\/pages"}],"about":[{"href":"https:\/\/spatzundbiene.ch\/index.php?rest_route=\/wp\/v2\/types\/page"}],"author":[{"embeddable":true,"href":"https:\/\/spatzundbiene.ch\/index.php?rest_route=\/wp\/v2\/users\/1"}],"replies":[{"embeddable":true,"href":"https:\/\/spatzundbiene.ch\/index.php?rest_route=%2Fwp%2Fv2%2Fcomments&post=1630"}],"version-history":[{"count":3,"href":"https:\/\/spatzundbiene.ch\/index.php?rest_route=\/wp\/v2\/pages\/1630\/revisions"}],"predecessor-version":[{"id":1682,"href":"https:\/\/spatzundbiene.ch\/index.php?rest_route=\/wp\/v2\/pages\/1630\/revisions\/1682"}],"wp:attachment":[{"href":"https:\/\/spatzundbiene.ch\/index.php?rest_route=%2Fwp%2Fv2%2Fmedia&parent=1630"}],"curies":[{"name":"wp","href":"https:\/\/api.w.org\/{rel}","templated":true}]}}