{"id":3919,"date":"2025-10-04T20:08:29","date_gmt":"2025-10-04T19:08:29","guid":{"rendered":"https:\/\/spatzundbiene.ch\/?page_id=3919"},"modified":"2025-10-04T22:58:23","modified_gmt":"2025-10-04T21:58:23","slug":"startseite","status":"publish","type":"page","link":"https:\/\/spatzundbiene.ch\/","title":{"rendered":"Willkommen in meinem kreativen N\u00e4hatelier"},"content":{"rendered":"\n<p><\/p>\n\n\n\n<p><br><\/p>\n\n\n\n<div class=\"wp-block-media-text alignwide has-media-on-the-right is-stacked-on-mobile\"><div class=\"wp-block-media-text__content\">\n<p><mark style=\"background-color:rgba(0, 0, 0, 0)\" class=\"has-inline-color has-vivid-cyan-blue-color\"><strong>Hey, ich bin Sandra geboren 1986<br>das Gesicht hinter spatzundbiene.ch<\/strong><\/mark><\/p>\n\n\n\n<p><strong>Es freut mich das du auf meiner Webseite bist. <\/strong><br><strong>Ich bin Hausfrau aus Leidenschaft, lebe mit meinem Mann und unseren zwei Kindern im sch\u00f6nen Kanton Aargau \u2013 und liebe es, kreativ zu sein. Besonders beim N\u00e4hen bl\u00fche ich auf. Da wird aus einer Idee im Kopf schnell etwas zum Anfassen \u2013 meistens bunt, oft verspielt und immer mit ganz viel Herz.<\/strong><br><strong>Und ja\u2026 ich geb\u2019s zu: Ich habe eine kleine (okay, eher grosse) Schw\u00e4che f\u00fcr sch\u00f6ne Stoffe. Mein Lager platzt inzwischen aus allen N\u00e4hten \u2013 aber hey, man kann ja nie genug Stoff haben, oder?<\/strong><\/p>\n\n\n\n<p><strong>Meine Akkus lade ich am liebsten am Meer auf \u2013 barfuss im Sand, wenn die Sonne aufgeht.<\/strong><\/p>\n\n\n\n<p><strong>Oder unter Wasser, beim Schnorcheln und Tauchen. Dort, wo es still ist und die Welt kurz Pause macht, entstehen die besten Gedanken.<\/strong><\/p>\n<\/div><figure class=\"wp-block-media-text__media\"><img loading=\"lazy\" decoding=\"async\" width=\"844\" height=\"1024\" src=\"https:\/\/spatzundbiene.ch\/wp-content\/uploads\/2025\/10\/neu-844x1024.jpg\" alt=\"\" class=\"wp-image-3953 size-full\" srcset=\"https:\/\/spatzundbiene.ch\/wp-content\/uploads\/2025\/10\/neu-844x1024.jpg 844w, https:\/\/spatzundbiene.ch\/wp-content\/uploads\/2025\/10\/neu-247x300.jpg 247w, https:\/\/spatzundbiene.ch\/wp-content\/uploads\/2025\/10\/neu-768x932.jpg 768w, https:\/\/spatzundbiene.ch\/wp-content\/uploads\/2025\/10\/neu.jpg 1000w\" sizes=\"auto, (max-width: 844px) 100vw, 844px\" \/><\/figure><\/div>\n","protected":false},"excerpt":{"rendered":"<p>Hey, ich bin Sandra geboren 1986das Gesicht hinter spatzundbiene.ch Es freut mich das du auf meiner Webseite bist. Ich bin Hausfrau aus Leidenschaft, lebe mit meinem Mann und unseren zwei Kindern im sch\u00f6nen Kanton Aargau \u2013 und liebe es, kreativ zu sein. Besonders beim N\u00e4hen bl\u00fche ich auf. Da wird aus einer Idee im Kopf schnell etwas zum Anfassen \u2013 meistens bunt, oft verspielt und immer mit ganz viel Herz.Und ja\u2026 ich geb\u2019s zu: Ich habe eine kleine (okay, eher grosse) Schw\u00e4che f\u00fcr sch\u00f6ne Stoffe. Mein Lager platzt inzwischen aus allen N\u00e4hten \u2013 aber hey, man kann ja nie genug Stoff haben, oder? Meine Akkus lade ich am liebsten am Meer auf \u2013 barfuss im Sand, wenn die Sonne aufgeht. Oder unter Wasser, beim Schnorcheln und Tauchen. Dort, wo es still ist und die Welt kurz Pause macht, entstehen die besten Gedanken.<\/p>\n","protected":false},"author":1,"featured_media":0,"parent":0,"menu_order":0,"comment_status":"closed","ping_status":"closed","template":"","meta":{"footnotes":""},"class_list":["post-3919","page","type-page","status-publish","hentry"],"acf":[],"_links":{"self":[{"href":"https:\/\/spatzundbiene.ch\/index.php?rest_route=\/wp\/v2\/pages\/3919","targetHints":{"allow":["GET"]}}],"collection":[{"href":"https:\/\/spatzundbiene.ch\/index.php?rest_route=\/wp\/v2\/pages"}],"about":[{"href":"https:\/\/spatzundbiene.ch\/index.php?rest_route=\/wp\/v2\/types\/page"}],"author":[{"embeddable":true,"href":"https:\/\/spatzundbiene.ch\/index.php?rest_route=\/wp\/v2\/users\/1"}],"replies":[{"embeddable":true,"href":"https:\/\/spatzundbiene.ch\/index.php?rest_route=%2Fwp%2Fv2%2Fcomments&post=3919"}],"version-history":[{"count":9,"href":"https:\/\/spatzundbiene.ch\/index.php?rest_route=\/wp\/v2\/pages\/3919\/revisions"}],"predecessor-version":[{"id":4007,"href":"https:\/\/spatzundbiene.ch\/index.php?rest_route=\/wp\/v2\/pages\/3919\/revisions\/4007"}],"wp:attachment":[{"href":"https:\/\/spatzundbiene.ch\/index.php?rest_route=%2Fwp%2Fv2%2Fmedia&parent=3919"}],"curies":[{"name":"wp","href":"https:\/\/api.w.org\/{rel}","templated":true}]}}